{"id":52,"date":"2018-07-26T15:27:11","date_gmt":"2018-07-26T21:27:11","guid":{"rendered":"http:\/\/asoani.org\/s\/?page_id=52"},"modified":"2018-07-26T15:27:11","modified_gmt":"2018-07-26T21:27:11","slug":"vision","status":"publish","type":"page","link":"https:\/\/asoani.org\/?page_id=52","title":{"rendered":"VISI\u00d3N"},"content":{"rendered":"<h1 style=\"text-align: center;\">CONVERTIRNOS EN UNA ORGANIZACI\u00d3N DE SERVICIO REFERENTE EN NUESTRA SOCIEDAD, PONIENDO \u00c9NFASIS EN NUESTROS ASOCIADOS, ENCAMINANDO NUESTRAS ACCIONES A PROMOVER EL CONOCIMIENTO JUR\u00cdDICO Y LA CAPACITACI\u00d3N EN EL \u00c1MBITO DEL DERECHO E INCIDIENDO DE MANERA OBJETIVA EN LAS INSTANCIAS QUE POR LA NATURALEZA DE NUESTRAS PROFESIONES, SEA NECESARIO PARA ALCANZAR EL BIENESTAR GENERAL.<\/h1>\n","protected":false},"excerpt":{"rendered":"<p>CONVERTIRNOS EN UNA ORGANIZACI\u00d3N DE SERVICIO REFERENTE EN NUESTRA SOCIEDAD, PONIENDO \u00c9NFASIS EN NUESTROS ASOCIADOS, ENCAMINANDO NUESTRAS ACCIONES A PROMOVER EL CONOCIMIENTO JUR\u00cdDICO Y LA CAPACITACI\u00d3N EN EL \u00c1MBITO DEL DERECHO E INCIDIENDO DE MANERA OBJETIVA EN LAS INSTANCIAS QUE POR LA NATURALEZA DE NUESTRAS PROFESIONES, SEA NECESARIO PARA ALCANZAR EL BIENESTAR GENERAL.<\/p>\n","protected":false},"author":1,"featured_media":0,"parent":0,"menu_order":0,"comment_status":"closed","ping_status":"closed","template":"","meta":{"footnotes":""},"class_list":["post-52","page","type-page","status-publish","hentry"],"aioseo_notices":[],"_links":{"self":[{"href":"https:\/\/asoani.org\/index.php?rest_route=\/wp\/v2\/pages\/52","targetHints":{"allow":["GET"]}}],"collection":[{"href":"https:\/\/asoani.org\/index.php?rest_route=\/wp\/v2\/pages"}],"about":[{"href":"https:\/\/asoani.org\/index.php?rest_route=\/wp\/v2\/types\/page"}],"author":[{"embeddable":true,"href":"https:\/\/asoani.org\/index.php?rest_route=\/wp\/v2\/users\/1"}],"replies":[{"embeddable":true,"href":"https:\/\/asoani.org\/index.php?rest_route=%2Fwp%2Fv2%2Fcomments&post=52"}],"version-history":[{"count":1,"href":"https:\/\/asoani.org\/index.php?rest_route=\/wp\/v2\/pages\/52\/revisions"}],"predecessor-version":[{"id":53,"href":"https:\/\/asoani.org\/index.php?rest_route=\/wp\/v2\/pages\/52\/revisions\/53"}],"wp:attachment":[{"href":"https:\/\/asoani.org\/index.php?rest_route=%2Fwp%2Fv2%2Fmedia&parent=52"}],"curies":[{"name":"wp","href":"https:\/\/api.w.org\/{rel}","templated":true}]}}