{"id":50,"date":"2018-07-26T15:26:23","date_gmt":"2018-07-26T21:26:23","guid":{"rendered":"http:\/\/asoani.org\/s\/?page_id=50"},"modified":"2018-07-26T15:26:23","modified_gmt":"2018-07-26T21:26:23","slug":"mision","status":"publish","type":"page","link":"https:\/\/asoani.org\/?page_id=50","title":{"rendered":"MISI\u00d3N"},"content":{"rendered":"<h2 style=\"text-align: center;\">ESTAR DE LA MANO CON NUESTROS ASOCIADOS, DEFENDER Y PROMOVER LOS DERECHOS DE LOS MISMOS EN EL EJERCICIO DE SUS PROFESIONES, DESDE UNA PERSPECTIVA INTEGRAL, CON ESTRICTO APEGO AL ESTADO DE DERECHO, A LA \u00c9TICA Y LA JUSTICIA; CONTRIBUYENDO A LA SUPERACI\u00d3N PERSONAL, PROFESIONAL AS\u00cd COMO GREMIAL; ESTABLECIENDO UNA ATENCI\u00d3N PERSONALIZADA A LOS MISMOS Y COADYUVANDO A LA ADQUISICI\u00d3N DE CONOCIMIENTO JUR\u00cdDICO, PARA EL LOGRO DE NUESTRO LLAMADO DE SERVICIO A LA SOCIEDAD.<\/h2>\n","protected":false},"excerpt":{"rendered":"<p>ESTAR DE LA MANO CON NUESTROS ASOCIADOS, DEFENDER Y PROMOVER LOS DERECHOS DE LOS MISMOS EN EL EJERCICIO DE SUS PROFESIONES, DESDE UNA PERSPECTIVA INTEGRAL, CON ESTRICTO APEGO AL ESTADO DE DERECHO, A LA \u00c9TICA Y LA JUSTICIA; CONTRIBUYENDO A LA SUPERACI\u00d3N PERSONAL, PROFESIONAL AS\u00cd COMO GREMIAL; ESTABLECIENDO UNA ATENCI\u00d3N PERSONALIZADA A LOS MISMOS Y&hellip; <br \/> <a class=\"read-more\" href=\"https:\/\/asoani.org\/?page_id=50\">Leer m\u00e1s<\/a><\/p>\n","protected":false},"author":1,"featured_media":0,"parent":0,"menu_order":0,"comment_status":"closed","ping_status":"closed","template":"","meta":{"footnotes":""},"class_list":["post-50","page","type-page","status-publish","hentry"],"aioseo_notices":[],"_links":{"self":[{"href":"https:\/\/asoani.org\/index.php?rest_route=\/wp\/v2\/pages\/50","targetHints":{"allow":["GET"]}}],"collection":[{"href":"https:\/\/asoani.org\/index.php?rest_route=\/wp\/v2\/pages"}],"about":[{"href":"https:\/\/asoani.org\/index.php?rest_route=\/wp\/v2\/types\/page"}],"author":[{"embeddable":true,"href":"https:\/\/asoani.org\/index.php?rest_route=\/wp\/v2\/users\/1"}],"replies":[{"embeddable":true,"href":"https:\/\/asoani.org\/index.php?rest_route=%2Fwp%2Fv2%2Fcomments&post=50"}],"version-history":[{"count":1,"href":"https:\/\/asoani.org\/index.php?rest_route=\/wp\/v2\/pages\/50\/revisions"}],"predecessor-version":[{"id":51,"href":"https:\/\/asoani.org\/index.php?rest_route=\/wp\/v2\/pages\/50\/revisions\/51"}],"wp:attachment":[{"href":"https:\/\/asoani.org\/index.php?rest_route=%2Fwp%2Fv2%2Fmedia&parent=50"}],"curies":[{"name":"wp","href":"https:\/\/api.w.org\/{rel}","templated":true}]}}